{"id":175,"date":"2020-04-28T16:10:06","date_gmt":"2020-04-28T16:10:06","guid":{"rendered":"http:\/\/llsa.lt\/?page_id=175"},"modified":"2020-05-11T08:37:05","modified_gmt":"2020-05-11T08:37:05","slug":"dokumentai","status":"publish","type":"page","link":"https:\/\/llsa.lt\/gb\/dokumentai","title":{"rendered":"Documents"},"content":{"rendered":"\n<div class=\"wp-block-file\"><a href=\"http:\/\/llsa.lt\/wp-content\/uploads\/2020\/05\/State-aid-guidelines-2004.pdf\" target=\"_blank\" rel=\"noreferrer noopener\">MARITIME STATE AID GUIDELINES 2004<\/a><a href=\"http:\/\/llsa.lt\/wp-content\/uploads\/2020\/05\/State-aid-guidelines-2004.pdf\" class=\"wp-block-file__button\" download>OPEN<\/a><\/div>\n\n\n\n<div class=\"wp-block-file\"><a href=\"http:\/\/llsa.lt\/wp-content\/uploads\/2020\/05\/J\u016brininku-pajam\u0173-pajamu-apmokestinimas-ir-deklaravimas-2019.pdf\" target=\"_blank\" rel=\"noreferrer noopener\">VMI J\u016aRININK\u0172 PAJAM\u0172 APMOKESTINIMAS IR DEKLARAVIMAS 2019<\/a><a href=\"http:\/\/llsa.lt\/wp-content\/uploads\/2020\/05\/J\u016brininku-pajam\u0173-pajamu-apmokestinimas-ir-deklaravimas-2019.pdf\" class=\"wp-block-file__button\" download>OPEN<\/a><\/div>\n\n\n\n<p class=\"has-drop-cap\"><\/p>\n","protected":false},"excerpt":{"rendered":"","protected":false},"author":1,"featured_media":0,"parent":0,"menu_order":0,"comment_status":"closed","ping_status":"closed","template":"","meta":{"ngg_post_thumbnail":0,"_themeisle_gutenberg_block_has_review":false,"footnotes":""},"translation":{"provider":"WPGlobus","version":"3.0.0","language":"gb","enabled_languages":["lt","gb"],"languages":{"lt":{"title":true,"content":true,"excerpt":false},"gb":{"title":true,"content":false,"excerpt":false}}},"_links":{"self":[{"href":"https:\/\/llsa.lt\/gb\/wp-json\/wp\/v2\/pages\/175"}],"collection":[{"href":"https:\/\/llsa.lt\/gb\/wp-json\/wp\/v2\/pages"}],"about":[{"href":"https:\/\/llsa.lt\/gb\/wp-json\/wp\/v2\/types\/page"}],"author":[{"embeddable":true,"href":"https:\/\/llsa.lt\/gb\/wp-json\/wp\/v2\/users\/1"}],"replies":[{"embeddable":true,"href":"https:\/\/llsa.lt\/gb\/wp-json\/wp\/v2\/comments?post=175"}],"version-history":[{"count":10,"href":"https:\/\/llsa.lt\/gb\/wp-json\/wp\/v2\/pages\/175\/revisions"}],"predecessor-version":[{"id":315,"href":"https:\/\/llsa.lt\/gb\/wp-json\/wp\/v2\/pages\/175\/revisions\/315"}],"wp:attachment":[{"href":"https:\/\/llsa.lt\/gb\/wp-json\/wp\/v2\/media?parent=175"}],"curies":[{"name":"wp","href":"https:\/\/api.w.org\/{rel}","templated":true}]}}