{"id":13,"date":"2020-04-19T17:27:34","date_gmt":"2020-04-19T17:27:34","guid":{"rendered":"http:\/\/llsa.lt\/?page_id=13"},"modified":"2025-01-27T09:02:58","modified_gmt":"2025-01-27T09:02:58","slug":"members","status":"publish","type":"page","link":"https:\/\/llsa.lt\/gb\/members","title":{"rendered":"Members"},"content":{"rendered":"\n<p><\/p>\n\n\n\nngg_shortcode_0_placeholder\n\n\n\n<ul>\n<li>AB DFDS Seaways (\u012fm. k. 110865181);<\/li>\n\n\n\n<li>AB \u201eLimarko laivininkyst\u0117s kompanija\u201c (\u012fm. k. 140346648);<\/li>\n\n\n\n<li>UAB \u201eBaltlanta\u201d (\u012fm. k. 141484837);<\/li>\n\n\n\n<li>UAB \u201eBaltnautic Shipping Ltd.\u201c (\u012fm. k. 141707197);<\/li>\n\n\n\n<li>Vilniaus Gedimino technikos universiteto Lietuvos j\u016breivyst\u0117s akademija (\u012fm. k. 111950243);<\/li>\n\n\n\n<li>UAB \u201eTowmar Baltic\u201c (\u012fm. k. 111572719)<\/li>\n\n\n\n<li>UAB \u201eHoegh LNG Klaipeda\u201c (\u012fm. k. 302719517);<\/li>\n\n\n\n<li>UAB \u201eNovikontas SCM\u201c (\u012fm. k. 300032613);<\/li>\n\n\n\n<li>AB \u201eKN Energies\u201c (\u012fm. k. 110648893);<\/li>\n\n\n\n<li>UAB \u201eTT-Line Lietuva\u201c (\u012fm. k. 305433916)<\/li>\n<\/ul>\n","protected":false},"excerpt":{"rendered":"","protected":false},"author":1,"featured_media":0,"parent":0,"menu_order":0,"comment_status":"closed","ping_status":"closed","template":"","meta":{"ngg_post_thumbnail":0,"_themeisle_gutenberg_block_has_review":false,"footnotes":""},"translation":{"provider":"WPGlobus","version":"3.0.0","language":"gb","enabled_languages":["lt","gb"],"languages":{"lt":{"title":true,"content":true,"excerpt":false},"gb":{"title":true,"content":true,"excerpt":false}}},"_links":{"self":[{"href":"https:\/\/llsa.lt\/gb\/wp-json\/wp\/v2\/pages\/13"}],"collection":[{"href":"https:\/\/llsa.lt\/gb\/wp-json\/wp\/v2\/pages"}],"about":[{"href":"https:\/\/llsa.lt\/gb\/wp-json\/wp\/v2\/types\/page"}],"author":[{"embeddable":true,"href":"https:\/\/llsa.lt\/gb\/wp-json\/wp\/v2\/users\/1"}],"replies":[{"embeddable":true,"href":"https:\/\/llsa.lt\/gb\/wp-json\/wp\/v2\/comments?post=13"}],"version-history":[{"count":17,"href":"https:\/\/llsa.lt\/gb\/wp-json\/wp\/v2\/pages\/13\/revisions"}],"predecessor-version":[{"id":803,"href":"https:\/\/llsa.lt\/gb\/wp-json\/wp\/v2\/pages\/13\/revisions\/803"}],"wp:attachment":[{"href":"https:\/\/llsa.lt\/gb\/wp-json\/wp\/v2\/media?parent=13"}],"curies":[{"name":"wp","href":"https:\/\/api.w.org\/{rel}","templated":true}]}}